{"id":16079,"date":"2024-02-01T20:03:41","date_gmt":"2024-02-01T19:03:41","guid":{"rendered":"https:\/\/in-dari.com\/?page_id=16079"},"modified":"2024-02-01T20:04:09","modified_gmt":"2024-02-01T19:04:09","slug":"nos-valeurs","status":"publish","type":"page","link":"https:\/\/in-dari.com\/index.php\/nos-valeurs\/","title":{"rendered":"Nos valeurs"},"content":{"rendered":"\t\t<div data-elementor-type=\"wp-page\" data-elementor-id=\"16079\" class=\"elementor elementor-16079\">\n\t\t\t\t\t\t<div class=\"elementor-section elementor-top-section elementor-element elementor-element-f6cd8e7 elementor-section-stretched elementor-section-boxed elementor-section-height-default elementor-section-height-default\" data-id=\"f6cd8e7\" data-element_type=\"section\" data-e-type=\"section\" data-settings=\"{&quot;stretch_section&quot;:&quot;section-stretched&quot;}\">\n\t\t\t\t\t\t<div class=\"elementor-container elementor-column-gap-no\">\n\t\t\t\t\t<div class=\"elementor-column elementor-col-50 elementor-top-column elementor-element elementor-element-4e683e9\" data-id=\"4e683e9\" data-element_type=\"column\" data-e-type=\"column\">\n\t\t\t<div class=\"elementor-widget-wrap elementor-element-populated\">\n\t\t\t\t\t\t<div class=\"elementor-element elementor-element-1302cb5 elementor-widget elementor-widget-image\" data-id=\"1302cb5\" data-element_type=\"widget\" data-e-type=\"widget\" data-widget_type=\"image.default\">\n\t\t\t\t<div class=\"elementor-widget-container\">\n\t\t\t\t\t\t\t\t\t\t\t\t\t\t\t<img fetchpriority=\"high\" decoding=\"async\" width=\"482\" height=\"580\" src=\"https:\/\/in-dari.com\/wp-content\/uploads\/2022\/06\/faq_imge.jpg\" class=\"attachment-full size-full wp-image-775\" alt=\"\" srcset=\"https:\/\/in-dari.com\/wp-content\/uploads\/2022\/06\/faq_imge.jpg 482w, https:\/\/in-dari.com\/wp-content\/uploads\/2022\/06\/faq_imge-249x300.jpg 249w\" sizes=\"(max-width: 482px) 100vw, 482px\" \/>\t\t\t\t\t\t\t\t\t\t\t\t\t\t\t<\/div>\n\t\t\t\t<\/div>\n\t\t\t\t\t<\/div>\n\t\t<\/div>\n\t\t\t\t<div class=\"elementor-column elementor-col-50 elementor-top-column elementor-element elementor-element-bb3983c\" data-id=\"bb3983c\" data-element_type=\"column\" data-e-type=\"column\">\n\t\t\t<div class=\"elementor-widget-wrap elementor-element-populated\">\n\t\t\t\t\t\t<div class=\"elementor-element elementor-element-70e1b9b elementor-widget elementor-widget-heading\" data-id=\"70e1b9b\" data-element_type=\"widget\" data-e-type=\"widget\" data-widget_type=\"heading.default\">\n\t\t\t\t<div class=\"elementor-widget-container\">\n\t\t\t\t\t<h2 class=\"elementor-heading-title elementor-size-default\">I-N-D-A-R-I, POUR CHAQUE LETTRE UNE VALEUR<\/h2>\t\t\t\t<\/div>\n\t\t\t\t<\/div>\n\t\t\t\t<div class=\"elementor-element elementor-element-e24df65 elementor-widget elementor-widget-heading\" data-id=\"e24df65\" data-element_type=\"widget\" data-e-type=\"widget\" data-widget_type=\"heading.default\">\n\t\t\t\t<div class=\"elementor-widget-container\">\n\t\t\t\t\t<h2 class=\"elementor-heading-title elementor-size-default\">Agir continuellement en transparence<\/h2>\t\t\t\t<\/div>\n\t\t\t\t<\/div>\n\t\t\t\t<div class=\"elementor-element elementor-element-53c4978 kitchor-accordion-layout-1 elementor-widget elementor-widget-accordion\" data-id=\"53c4978\" data-element_type=\"widget\" data-e-type=\"widget\" data-widget_type=\"accordion.default\">\n\t\t\t\t<div class=\"elementor-widget-container\">\n\t\t\t\t\t\t\t<div class=\"elementor-accordion\">\n\t\t\t\t\t\t\t<div class=\"elementor-accordion-item\">\n\t\t\t\t\t<div id=\"elementor-tab-title-8781\" class=\"elementor-tab-title\" data-tab=\"1\" role=\"button\" aria-controls=\"elementor-tab-content-8781\" aria-expanded=\"false\">\n\t\t\t\t\t\t\t\t\t\t\t\t\t<span class=\"elementor-accordion-icon elementor-accordion-icon-right\" aria-hidden=\"true\">\n\t\t\t\t\t\t\t\t\t\t\t\t\t\t\t<span class=\"elementor-accordion-icon-closed\"><i class=\"kitchor-icon- kitchor-icon-plus-o\"><\/i><\/span>\n\t\t\t\t\t\t\t\t<span class=\"elementor-accordion-icon-opened\"><i class=\"kitchor-icon- kitchor-icon-minus\"><\/i><\/span>\n\t\t\t\t\t\t\t\t\t\t\t\t\t\t<\/span>\n\t\t\t\t\t\t\t\t\t\t\t\t<a class=\"elementor-accordion-title\" tabindex=\"0\">Transparence sur les produits propos\u00e9s <\/a>\n\t\t\t\t\t<\/div>\n\t\t\t\t\t<div id=\"elementor-tab-content-8781\" class=\"elementor-tab-content elementor-clearfix\" data-tab=\"1\" role=\"region\" aria-labelledby=\"elementor-tab-title-8781\"><p>Tous les produits ne sont pas les m\u00eames et tr\u00e8s souvent les diff\u00e9rences de qualit\u00e9 ne sont pas apparentes, c\u2019est pour cela que nous prenons le temps de vous les expliquer afin de vous permettre de comprendre ce que vous achetez.<\/p><\/div>\n\t\t\t\t<\/div>\n\t\t\t\t\t\t\t<div class=\"elementor-accordion-item\">\n\t\t\t\t\t<div id=\"elementor-tab-title-8782\" class=\"elementor-tab-title\" data-tab=\"2\" role=\"button\" aria-controls=\"elementor-tab-content-8782\" aria-expanded=\"false\">\n\t\t\t\t\t\t\t\t\t\t\t\t\t<span class=\"elementor-accordion-icon elementor-accordion-icon-right\" aria-hidden=\"true\">\n\t\t\t\t\t\t\t\t\t\t\t\t\t\t\t<span class=\"elementor-accordion-icon-closed\"><i class=\"kitchor-icon- kitchor-icon-plus-o\"><\/i><\/span>\n\t\t\t\t\t\t\t\t<span class=\"elementor-accordion-icon-opened\"><i class=\"kitchor-icon- kitchor-icon-minus\"><\/i><\/span>\n\t\t\t\t\t\t\t\t\t\t\t\t\t\t<\/span>\n\t\t\t\t\t\t\t\t\t\t\t\t<a class=\"elementor-accordion-title\" tabindex=\"0\">Transparence sur les prix <\/a>\n\t\t\t\t\t<\/div>\n\t\t\t\t\t<div id=\"elementor-tab-content-8782\" class=\"elementor-tab-content elementor-clearfix\" data-tab=\"2\" role=\"region\" aria-labelledby=\"elementor-tab-title-8782\"><p>Tout projet d\u2019achat n\u00e9cessite une r\u00e9flexion dans la prise de d\u00e9cision.<\/p><p>Notre philosophie commerciale est de vous offrir les meilleurs prix du premier coup, nous ne vous proposerons jamais des remises importantes.<\/p><\/div>\n\t\t\t\t<\/div>\n\t\t\t\t\t\t\t<div class=\"elementor-accordion-item\">\n\t\t\t\t\t<div id=\"elementor-tab-title-8783\" class=\"elementor-tab-title\" data-tab=\"3\" role=\"button\" aria-controls=\"elementor-tab-content-8783\" aria-expanded=\"false\">\n\t\t\t\t\t\t\t\t\t\t\t\t\t<span class=\"elementor-accordion-icon elementor-accordion-icon-right\" aria-hidden=\"true\">\n\t\t\t\t\t\t\t\t\t\t\t\t\t\t\t<span class=\"elementor-accordion-icon-closed\"><i class=\"kitchor-icon- kitchor-icon-plus-o\"><\/i><\/span>\n\t\t\t\t\t\t\t\t<span class=\"elementor-accordion-icon-opened\"><i class=\"kitchor-icon- kitchor-icon-minus\"><\/i><\/span>\n\t\t\t\t\t\t\t\t\t\t\t\t\t\t<\/span>\n\t\t\t\t\t\t\t\t\t\t\t\t<a class=\"elementor-accordion-title\" tabindex=\"0\">Transparence sur nos valeurs <\/a>\n\t\t\t\t\t<\/div>\n\t\t\t\t\t<div id=\"elementor-tab-content-8783\" class=\"elementor-tab-content elementor-clearfix\" data-tab=\"3\" role=\"region\" aria-labelledby=\"elementor-tab-title-8783\"><p><strong>I<\/strong><strong>nspiration\u00a0:<\/strong> nous conseillons et accompagnons notre client par impulsion et naturellement.<\/p><p><strong>N<\/strong><strong>otori\u00e9t\u00e9\u00a0:<\/strong> soucieux de notre image et afin d\u2019\u00eatre en am\u00e9lioration continue de notre marque, nous sommes \u00e0 l\u2019\u00e9coute continue de toutes les parties prenantes dans nos projets.<\/p><p><strong>D<\/strong><strong>\u00e9veloppement\u00a0:<\/strong> notre d\u00e9veloppement passe par celui de nos collaborateurs et est favoris\u00e9 par nos fournisseurs et nos clients.<\/p><p><strong>A<\/strong><strong>mour<\/strong><strong>\u00a0:<\/strong> nous veillons et \u0153uvrons pour le bien-\u00eatre de nos collaborateurs, clients et toutes les parties prenantes de nos projets.<\/p><p><strong>R<\/strong><strong>espect\u00a0:<\/strong> \u00a0nous accordons de la consid\u00e9ration \u00e0 toutes les parties prenantes de nos projets, \u00e0 la nature et \u00e0 l\u2019environnement.<\/p><p><strong>I<\/strong><strong>nt\u00e9grit\u00e9\u00a0:<\/strong> nous sommes anim\u00e9s par nos valeurs, nos lignes de conduite pr\u00e9d\u00e9finies et nos devoirs vis-\u00e0-vis de toutes les parties prenantes de nos projets.<\/p><\/div>\n\t\t\t\t<\/div>\n\t\t\t\t\t\t\t\t\t\t<script type=\"application\/ld+json\">{\"@context\":\"https:\\\/\\\/schema.org\",\"@type\":\"FAQPage\",\"mainEntity\":[{\"@type\":\"Question\",\"name\":\"Transparence sur les produits propos\\u00e9s\",\"acceptedAnswer\":{\"@type\":\"Answer\",\"text\":\"<p>Tous les produits ne sont pas les m\\u00eames et tr\\u00e8s souvent les diff\\u00e9rences de qualit\\u00e9 ne sont pas apparentes, c\\u2019est pour cela que nous prenons le temps de vous les expliquer afin de vous permettre de comprendre ce que vous achetez.<\\\/p>\"}},{\"@type\":\"Question\",\"name\":\"Transparence sur les prix\",\"acceptedAnswer\":{\"@type\":\"Answer\",\"text\":\"<p>Tout projet d\\u2019achat n\\u00e9cessite une r\\u00e9flexion dans la prise de d\\u00e9cision.<\\\/p><p>Notre philosophie commerciale est de vous offrir les meilleurs prix du premier coup, nous ne vous proposerons jamais des remises importantes.<\\\/p>\"}},{\"@type\":\"Question\",\"name\":\"Transparence sur nos valeurs\",\"acceptedAnswer\":{\"@type\":\"Answer\",\"text\":\"<p><strong>I<\\\/strong><strong>nspiration\\u00a0:<\\\/strong> nous conseillons et accompagnons notre client par impulsion et naturellement.<\\\/p><p><strong>N<\\\/strong><strong>otori\\u00e9t\\u00e9\\u00a0:<\\\/strong> soucieux de notre image et afin d\\u2019\\u00eatre en am\\u00e9lioration continue de notre marque, nous sommes \\u00e0 l\\u2019\\u00e9coute continue de toutes les parties prenantes dans nos projets.<\\\/p><p><strong>D<\\\/strong><strong>\\u00e9veloppement\\u00a0:<\\\/strong> notre d\\u00e9veloppement passe par celui de nos collaborateurs et est favoris\\u00e9 par nos fournisseurs et nos clients.<\\\/p><p><strong>A<\\\/strong><strong>mour<\\\/strong><strong>\\u00a0:<\\\/strong> nous veillons et \\u0153uvrons pour le bien-\\u00eatre de nos collaborateurs, clients et toutes les parties prenantes de nos projets.<\\\/p><p><strong>R<\\\/strong><strong>espect\\u00a0:<\\\/strong> \\u00a0nous accordons de la consid\\u00e9ration \\u00e0 toutes les parties prenantes de nos projets, \\u00e0 la nature et \\u00e0 l\\u2019environnement.<\\\/p><p><strong>I<\\\/strong><strong>nt\\u00e9grit\\u00e9\\u00a0:<\\\/strong> nous sommes anim\\u00e9s par nos valeurs, nos lignes de conduite pr\\u00e9d\\u00e9finies et nos devoirs vis-\\u00e0-vis de toutes les parties prenantes de nos projets.<\\\/p>\"}}]}<\/script>\n\t\t\t\t\t<\/div>\n\t\t\t\t\t\t<\/div>\n\t\t\t\t<\/div>\n\t\t\t\t\t<\/div>\n\t\t<\/div>\n\t\t\t\t\t<\/div>\n\t\t<\/div>\n\t\t\t\t<\/div>\n\t\t","protected":false},"excerpt":{"rendered":"<p>I-N-D-A-R-I, POUR CHAQUE LETTRE UNE VALEUR Agir continuellement en transparence Transparence sur les produits propos\u00e9s Tous les produits ne sont pas les m\u00eames et tr\u00e8s souvent les diff\u00e9rences de qualit\u00e9 ne sont pas apparentes, c\u2019est pour cela que nous prenons le temps de vous les expliquer afin de vous permettre de comprendre ce que vous [&hellip;]<\/p>\n","protected":false},"author":1,"featured_media":0,"parent":0,"menu_order":0,"comment_status":"closed","ping_status":"closed","template":"","meta":{"inline_featured_image":false,"footnotes":""},"class_list":["post-16079","page","type-page","status-publish","hentry"],"_links":{"self":[{"href":"https:\/\/in-dari.com\/index.php\/wp-json\/wp\/v2\/pages\/16079","targetHints":{"allow":["GET"]}}],"collection":[{"href":"https:\/\/in-dari.com\/index.php\/wp-json\/wp\/v2\/pages"}],"about":[{"href":"https:\/\/in-dari.com\/index.php\/wp-json\/wp\/v2\/types\/page"}],"author":[{"embeddable":true,"href":"https:\/\/in-dari.com\/index.php\/wp-json\/wp\/v2\/users\/1"}],"replies":[{"embeddable":true,"href":"https:\/\/in-dari.com\/index.php\/wp-json\/wp\/v2\/comments?post=16079"}],"version-history":[{"count":4,"href":"https:\/\/in-dari.com\/index.php\/wp-json\/wp\/v2\/pages\/16079\/revisions"}],"predecessor-version":[{"id":16083,"href":"https:\/\/in-dari.com\/index.php\/wp-json\/wp\/v2\/pages\/16079\/revisions\/16083"}],"wp:attachment":[{"href":"https:\/\/in-dari.com\/index.php\/wp-json\/wp\/v2\/media?parent=16079"}],"curies":[{"name":"wp","href":"https:\/\/api.w.org\/{rel}","templated":true}]}}