{"id":3,"date":"2024-01-04T21:22:11","date_gmt":"2024-01-04T20:22:11","guid":{"rendered":"https:\/\/in-dari.com\/?page_id=3"},"modified":"2026-02-21T04:01:37","modified_gmt":"2026-02-21T03:01:37","slug":"politique-de-confidentialite","status":"publish","type":"page","link":"https:\/\/in-dari.com\/index.php\/politique-de-confidentialite\/","title":{"rendered":"Politique de confidentialit\u00e9"},"content":{"rendered":"\t\t<div data-elementor-type=\"wp-page\" data-elementor-id=\"3\" class=\"elementor elementor-3\">\n\t\t\t\t<div class=\"elementor-element elementor-element-1cd4d1bd e-flex e-con-boxed e-con e-parent\" data-id=\"1cd4d1bd\" data-element_type=\"container\" data-e-type=\"container\">\n\t\t\t\t\t<div class=\"e-con-inner\">\n\t\t\t\t<div class=\"elementor-element elementor-element-41e77581 elementor-widget elementor-widget-text-editor\" data-id=\"41e77581\" data-element_type=\"widget\" data-e-type=\"widget\" data-widget_type=\"text-editor.default\">\n\t\t\t\t<div class=\"elementor-widget-container\">\n\t\t\t\t\t\t\t\t\t<p><\/p>\n<h2 class=\"wp-block-heading\" data-start=\"459\" data-end=\"490\">Politique de Confidentialit\u00e9<\/h2>\n<h3 data-start=\"492\" data-end=\"511\">1. Introduction<\/h3>\n<p data-start=\"513\" data-end=\"861\">La pr\u00e9sente politique de confidentialit\u00e9 d\u00e9crit la mani\u00e8re dont Indari collecte, utilise et prot\u00e8ge les donn\u00e9es personnelles transmises par les utilisateurs via nos publicit\u00e9s et formulaires de g\u00e9n\u00e9ration de prospects diffus\u00e9s sur les plateformes de Facebook et Instagram.<\/p>\n<p data-start=\"863\" data-end=\"982\">Nous nous engageons \u00e0 assurer la protection et la confidentialit\u00e9 des donn\u00e9es personnelles de nos prospects et clients.<\/p>\n<hr data-start=\"984\" data-end=\"987\" \/>\n<h3 data-start=\"989\" data-end=\"1014\">2. Donn\u00e9es collect\u00e9es<\/h3>\n<p data-start=\"1016\" data-end=\"1113\">Dans le cadre de nos campagnes publicitaires, nous pouvons collecter les informations suivantes :<\/p>\n<ul data-start=\"1115\" data-end=\"1293\">\n<li data-start=\"1115\" data-end=\"1132\">\n<p data-start=\"1117\" data-end=\"1132\">Nom et pr\u00e9nom<\/p>\n<\/li>\n<li data-start=\"1133\" data-end=\"1156\">\n<p data-start=\"1135\" data-end=\"1156\">Num\u00e9ro de t\u00e9l\u00e9phone<\/p>\n<\/li>\n<li data-start=\"1157\" data-end=\"1175\">\n<p data-start=\"1159\" data-end=\"1175\">Adresse e-mail<\/p>\n<\/li>\n<li data-start=\"1176\" data-end=\"1206\">\n<p data-start=\"1178\" data-end=\"1206\">Ville ou zone g\u00e9ographique<\/p>\n<\/li>\n<li data-start=\"1207\" data-end=\"1293\">\n<p data-start=\"1209\" data-end=\"1293\">Informations relatives au projet (type de bien, budget estimatif, d\u00e9lai pr\u00e9vu, etc.)<\/p>\n<\/li>\n<\/ul>\n<p data-start=\"1295\" data-end=\"1406\">Ces donn\u00e9es sont collect\u00e9es uniquement lorsque vous remplissez volontairement un formulaire via nos publicit\u00e9s.<\/p>\n<hr data-start=\"1408\" data-end=\"1411\" \/>\n<h3 data-start=\"1413\" data-end=\"1443\">3. Finalit\u00e9 de la collecte<\/h3>\n<p data-start=\"1445\" data-end=\"1503\">Les donn\u00e9es collect\u00e9es sont utilis\u00e9es exclusivement pour :<\/p>\n<ul data-start=\"1505\" data-end=\"1768\">\n<li data-start=\"1505\" data-end=\"1545\">\n<p data-start=\"1507\" data-end=\"1545\">Vous contacter suite \u00e0 votre demande<\/p>\n<\/li>\n<li data-start=\"1546\" data-end=\"1643\">\n<p data-start=\"1548\" data-end=\"1643\">Vous fournir des informations concernant nos services de conception et r\u00e9novation de cuisines<\/p>\n<\/li>\n<li data-start=\"1644\" data-end=\"1686\">\n<p data-start=\"1646\" data-end=\"1686\">Organiser un rendez-vous ou une visite<\/p>\n<\/li>\n<li data-start=\"1687\" data-end=\"1720\">\n<p data-start=\"1689\" data-end=\"1720\">\u00c9tablir un devis personnalis\u00e9<\/p>\n<\/li>\n<li data-start=\"1721\" data-end=\"1768\">\n<p data-start=\"1723\" data-end=\"1768\">Assurer le suivi commercial de votre projet<\/p>\n<\/li>\n<\/ul>\n<p data-start=\"1770\" data-end=\"1823\">Nous ne vendons ni ne louons vos donn\u00e9es \u00e0 des tiers.<\/p>\n<hr data-start=\"1825\" data-end=\"1828\" \/>\n<h3 data-start=\"1830\" data-end=\"1858\">4. Dur\u00e9e de conservation<\/h3>\n<p data-start=\"1860\" data-end=\"2015\">Vos donn\u00e9es sont conserv\u00e9es uniquement pendant la dur\u00e9e n\u00e9cessaire au traitement de votre demande et au suivi commercial, sauf obligation l\u00e9gale contraire.<\/p>\n<hr data-start=\"2017\" data-end=\"2020\" \/>\n<h3 data-start=\"2022\" data-end=\"2048\">5. Partage des donn\u00e9es<\/h3>\n<p data-start=\"2050\" data-end=\"2099\">Vos donn\u00e9es peuvent \u00eatre accessibles uniquement :<\/p>\n<ul data-start=\"2101\" data-end=\"2200\">\n<li data-start=\"2101\" data-end=\"2127\">\n<p data-start=\"2103\" data-end=\"2127\">\u00c0 notre \u00e9quipe interne<\/p>\n<\/li>\n<li data-start=\"2128\" data-end=\"2200\">\n<p data-start=\"2130\" data-end=\"2200\">\u00c0 nos prestataires techniques (ex : gestion CRM, h\u00e9bergement s\u00e9curis\u00e9)<\/p>\n<\/li>\n<\/ul>\n<p data-start=\"2202\" data-end=\"2268\">Aucune donn\u00e9e n\u2019est transmise \u00e0 des tiers \u00e0 des fins commerciales.<\/p>\n<hr data-start=\"2270\" data-end=\"2273\" \/>\n<h3 data-start=\"2275\" data-end=\"2302\">6. S\u00e9curit\u00e9 des donn\u00e9es<\/h3>\n<p data-start=\"2304\" data-end=\"2465\">Nous mettons en \u0153uvre des mesures techniques et organisationnelles appropri\u00e9es afin de prot\u00e9ger vos donn\u00e9es contre tout acc\u00e8s non autoris\u00e9, perte ou divulgation.<\/p>\n<hr data-start=\"2467\" data-end=\"2470\" \/>\n<h3 data-start=\"2472\" data-end=\"2489\">7. Vos droits<\/h3>\n<p data-start=\"2491\" data-end=\"2549\">Conform\u00e9ment \u00e0 la r\u00e9glementation applicable, vous pouvez :<\/p>\n<ul data-start=\"2551\" data-end=\"2647\">\n<li data-start=\"2551\" data-end=\"2585\">\n<p data-start=\"2553\" data-end=\"2585\">Demander l\u2019acc\u00e8s \u00e0 vos donn\u00e9es<\/p>\n<\/li>\n<li data-start=\"2586\" data-end=\"2617\">\n<p data-start=\"2588\" data-end=\"2617\">Demander leur rectification<\/p>\n<\/li>\n<li data-start=\"2618\" data-end=\"2647\">\n<p data-start=\"2620\" data-end=\"2647\">Demander leur suppression<\/p>\n<\/li>\n<\/ul>\n<p data-start=\"2649\" data-end=\"2699\">Pour toute demande, vous pouvez nous contacter \u00e0 :<\/p>\n<p data-start=\"2701\" data-end=\"2775\">Email : contact@in-dari.com<br data-start=\"2734\" data-end=\"2737\" \/>T\u00e9l\u00e9phone : 06 10 123 300<\/p>\n<hr data-start=\"2777\" data-end=\"2780\" \/>\n<h3 data-start=\"2782\" data-end=\"2796\">8. Contact<\/h3>\n<p data-start=\"2798\" data-end=\"2865\">Pour toute question relative \u00e0 cette politique de confidentialit\u00e9 :<\/p>\n<p data-start=\"2867\" data-end=\"2950\">Indari<br data-start=\"2888\" data-end=\"2891\" \/>3\u00e8me \u00e9tage, R\u00e9sidence Yellow, 27 Rue Arrouani, Casablanca 20390<br data-start=\"2909\" data-end=\"2912\" \/>contact@in-dari.com<br data-start=\"2927\" data-end=\"2930\" \/>06 10 123 300<\/p>\n<hr data-start=\"2952\" data-end=\"2955\" \/>\n<p data-start=\"2957\" data-end=\"3003\">Date de mise \u00e0 jour : 21\/02\/2026<\/p>\n<p><\/p>\t\t\t\t\t\t\t\t<\/div>\n\t\t\t\t<\/div>\n\t\t\t\t\t<\/div>\n\t\t\t\t<\/div>\n\t\t\t\t<\/div>\n\t\t","protected":false},"excerpt":{"rendered":"<p>Politique de Confidentialit\u00e9 1. Introduction La pr\u00e9sente politique de confidentialit\u00e9 d\u00e9crit la mani\u00e8re dont Indari collecte, utilise et prot\u00e8ge les donn\u00e9es personnelles transmises par les utilisateurs via nos publicit\u00e9s et formulaires de g\u00e9n\u00e9ration de prospects diffus\u00e9s sur les plateformes de Facebook et Instagram. Nous nous engageons \u00e0 assurer la protection et la confidentialit\u00e9 des donn\u00e9es [&hellip;]<\/p>\n","protected":false},"author":1,"featured_media":0,"parent":0,"menu_order":0,"comment_status":"closed","ping_status":"open","template":"","meta":{"inline_featured_image":false,"footnotes":""},"class_list":["post-3","page","type-page","status-publish","hentry"],"_links":{"self":[{"href":"https:\/\/in-dari.com\/index.php\/wp-json\/wp\/v2\/pages\/3","targetHints":{"allow":["GET"]}}],"collection":[{"href":"https:\/\/in-dari.com\/index.php\/wp-json\/wp\/v2\/pages"}],"about":[{"href":"https:\/\/in-dari.com\/index.php\/wp-json\/wp\/v2\/types\/page"}],"author":[{"embeddable":true,"href":"https:\/\/in-dari.com\/index.php\/wp-json\/wp\/v2\/users\/1"}],"replies":[{"embeddable":true,"href":"https:\/\/in-dari.com\/index.php\/wp-json\/wp\/v2\/comments?post=3"}],"version-history":[{"count":3,"href":"https:\/\/in-dari.com\/index.php\/wp-json\/wp\/v2\/pages\/3\/revisions"}],"predecessor-version":[{"id":16427,"href":"https:\/\/in-dari.com\/index.php\/wp-json\/wp\/v2\/pages\/3\/revisions\/16427"}],"wp:attachment":[{"href":"https:\/\/in-dari.com\/index.php\/wp-json\/wp\/v2\/media?parent=3"}],"curies":[{"name":"wp","href":"https:\/\/api.w.org\/{rel}","templated":true}]}}